{"id":6401,"date":"2025-12-10T18:30:01","date_gmt":"2025-12-10T17:30:01","guid":{"rendered":"https:\/\/ehzerwold.nl\/geschenkgutschein-ehzerwold\/"},"modified":"2026-02-27T15:18:05","modified_gmt":"2026-02-27T14:18:05","slug":"geschenkgutschein-ehzerwold","status":"publish","type":"page","link":"https:\/\/ehzerwold.nl\/de\/geschenkgutschein-ehzerwold\/","title":{"rendered":"Geschenkgutschein Ehzerwold"},"content":{"rendered":"\t\t<div data-elementor-type=\"wp-page\" data-elementor-id=\"6401\" class=\"elementor elementor-6401 elementor-5928\" data-elementor-post-type=\"page\">\n\t\t\t\t\t\t<section data-particle_enable=\"false\" data-particle-mobile-disabled=\"false\" class=\"elementor-section elementor-top-section elementor-element elementor-element-52cd5afd elementor-section-full_width elementor-section-height-default elementor-section-height-default\" data-id=\"52cd5afd\" data-element_type=\"section\" data-e-type=\"section\" data-settings=\"{&quot;background_background&quot;:&quot;classic&quot;}\">\n\t\t\t\t\t\t\t<div class=\"elementor-background-overlay\"><\/div>\n\t\t\t\t\t\t\t<div class=\"elementor-container elementor-column-gap-default\">\n\t\t\t\t\t<div class=\"elementor-column elementor-col-100 elementor-top-column elementor-element elementor-element-2aa3f48d\" data-id=\"2aa3f48d\" data-element_type=\"column\" data-e-type=\"column\">\n\t\t\t<div class=\"elementor-widget-wrap elementor-element-populated\">\n\t\t\t\t\t\t\t<\/div>\n\t\t<\/div>\n\t\t\t\t\t<\/div>\n\t\t<\/section>\n\t\t\t\t<section data-particle_enable=\"false\" data-particle-mobile-disabled=\"false\" class=\"elementor-section elementor-top-section elementor-element elementor-element-8a46603 elementor-section-boxed elementor-section-height-default elementor-section-height-default\" data-id=\"8a46603\" data-element_type=\"section\" data-e-type=\"section\">\n\t\t\t\t\t\t<div class=\"elementor-container elementor-column-gap-default\">\n\t\t\t\t\t<div class=\"elementor-column elementor-col-100 elementor-top-column elementor-element elementor-element-20905df\" data-id=\"20905df\" data-element_type=\"column\" data-e-type=\"column\">\n\t\t\t<div class=\"elementor-widget-wrap elementor-element-populated\">\n\t\t\t\t\t\t<div class=\"elementor-element elementor-element-d378d8c elementor-widget elementor-widget-text-editor\" data-id=\"d378d8c\" data-element_type=\"widget\" data-e-type=\"widget\" data-widget_type=\"text-editor.default\">\n\t\t\t\t<div class=\"elementor-widget-container\">\n\t\t\t\t\t\t\t\t\t<h1> <\/h1><h1><strong>Ehzerwold Geschenkgutschein <\/strong><\/h1>\t\t\t\t\t\t\t\t<\/div>\n\t\t\t\t<\/div>\n\t\t\t\t\t<\/div>\n\t\t<\/div>\n\t\t\t\t\t<\/div>\n\t\t<\/section>\n\t\t\t\t<section data-particle_enable=\"false\" data-particle-mobile-disabled=\"false\" class=\"elementor-section elementor-top-section elementor-element elementor-element-dbdace9 elementor-section-boxed elementor-section-height-default elementor-section-height-default\" data-id=\"dbdace9\" data-element_type=\"section\" data-e-type=\"section\">\n\t\t\t\t\t\t<div class=\"elementor-container elementor-column-gap-default\">\n\t\t\t\t\t<div class=\"elementor-column elementor-col-50 elementor-top-column elementor-element elementor-element-66eb681\" data-id=\"66eb681\" data-element_type=\"column\" data-e-type=\"column\">\n\t\t\t<div class=\"elementor-widget-wrap elementor-element-populated\">\n\t\t\t\t\t\t<div class=\"elementor-element elementor-element-3dacfc6 elementor-widget elementor-widget-text-editor\" data-id=\"3dacfc6\" data-element_type=\"widget\" data-e-type=\"widget\" data-widget_type=\"text-editor.default\">\n\t\t\t\t<div class=\"elementor-widget-container\">\n\t\t\t\t\t\t\t\t\t<h6>Suchen Sie ein originelles Geschenk?<\/h6><p data-start=\"163\" data-end=\"370\">Mit dem <strong data-start=\"170\" data-end=\"193\">Ehzerwold-Geschenkgutschein<\/strong> verschenken Sie ein unvergessliches Erlebnis.<br data-start=\"237\" data-end=\"240\"> Der Geschenkgutschein kann f\u00fcr einen Aufenthalt oder ein Paket nach Wahl des Beschenkten eingel\u00f6st werden, sodass dieser den perfekten Moment ausw\u00e4hlen kann.<\/p><p data-start=\"372\" data-end=\"540\">Bestellen ist ganz einfach: W\u00e4hlen Sie die gew\u00fcnschte Menge, und wir k\u00fcmmern uns um den Rest.<br data-start=\"444\" data-end=\"447\"> Sie k\u00f6nnen auch eine pers\u00f6nliche Nachricht hinzuf\u00fcgen, um das Geschenk noch besonderer zu machen.<\/p><p data-start=\"372\" data-end=\"540\">Ein wundersch\u00f6nes Geschenk zum Geburtstag, Jahrestag oder einfach, um jemanden ins Rampenlicht zu r\u00fccken.<\/p>\t\t\t\t\t\t\t\t<\/div>\n\t\t\t\t<\/div>\n\t\t\t\t\t<\/div>\n\t\t<\/div>\n\t\t\t\t<div class=\"elementor-column elementor-col-50 elementor-top-column elementor-element elementor-element-3d3f2f4\" data-id=\"3d3f2f4\" data-element_type=\"column\" data-e-type=\"column\">\n\t\t\t<div class=\"elementor-widget-wrap elementor-element-populated\">\n\t\t\t\t\t\t<div class=\"elementor-element elementor-element-861795e elementor-widget elementor-widget-image\" data-id=\"861795e\" data-element_type=\"widget\" data-e-type=\"widget\" data-widget_type=\"image.default\">\n\t\t\t\t<div class=\"elementor-widget-container\">\n\t\t\t\t\t\t\t\t\t\t\t\t\t\t\t<img loading=\"lazy\" decoding=\"async\" width=\"527\" height=\"258\" src=\"https:\/\/ehzerwold.nl\/wp-content\/uploads\/2025\/12\/Cadeaubon-Ehzerwold.png\" class=\"attachment-large size-large wp-image-6407\" alt=\"Geschenkgutschein Ehzerwold\" srcset=\"https:\/\/ehzerwold.nl\/wp-content\/uploads\/2025\/12\/Cadeaubon-Ehzerwold.png 527w, https:\/\/ehzerwold.nl\/wp-content\/uploads\/2025\/12\/Cadeaubon-Ehzerwold-500x245.png 500w\" sizes=\"auto, (max-width: 527px) 100vw, 527px\" \/>\t\t\t\t\t\t\t\t\t\t\t\t\t\t\t<\/div>\n\t\t\t\t<\/div>\n\t\t\t\t\t<\/div>\n\t\t<\/div>\n\t\t\t\t\t<\/div>\n\t\t<\/section>\n\t\t\t\t<section data-particle_enable=\"false\" data-particle-mobile-disabled=\"false\" class=\"elementor-section elementor-top-section elementor-element elementor-element-79eb500f elementor-section-boxed elementor-section-height-default elementor-section-height-default\" data-id=\"79eb500f\" data-element_type=\"section\" data-e-type=\"section\">\n\t\t\t\t\t\t<div class=\"elementor-container elementor-column-gap-default\">\n\t\t\t\t\t<div class=\"elementor-column elementor-col-100 elementor-top-column elementor-element elementor-element-a195c8d\" data-id=\"a195c8d\" data-element_type=\"column\" data-e-type=\"column\">\n\t\t\t<div class=\"elementor-widget-wrap elementor-element-populated\">\n\t\t\t\t\t\t\t<\/div>\n\t\t<\/div>\n\t\t\t\t\t<\/div>\n\t\t<\/section>\n\t\t\t\t<section data-particle_enable=\"false\" data-particle-mobile-disabled=\"false\" class=\"elementor-section elementor-top-section elementor-element elementor-element-f50f7a8 elementor-section-boxed elementor-section-height-default elementor-section-height-default\" data-id=\"f50f7a8\" data-element_type=\"section\" data-e-type=\"section\">\n\t\t\t\t\t\t<div class=\"elementor-container elementor-column-gap-default\">\n\t\t\t\t\t<div class=\"elementor-column elementor-col-100 elementor-top-column elementor-element elementor-element-98ca577\" data-id=\"98ca577\" data-element_type=\"column\" data-e-type=\"column\">\n\t\t\t<div class=\"elementor-widget-wrap elementor-element-populated\">\n\t\t\t\t\t\t<div class=\"elementor-element elementor-element-d12c16a elementor-align-justify menu-item-type-gifty menu-item-object-gifty-trigger-open elementor-widget elementor-widget-global elementor-global-5855 elementor-global-3535 elementor-widget-button\" data-id=\"d12c16a\" data-element_type=\"widget\" data-e-type=\"widget\" data-widget_type=\"button.default\">\n\t\t\t\t<div class=\"elementor-widget-container\">\n\t\t\t\t\t\t\t\t\t<div class=\"elementor-button-wrapper\">\n\t\t\t\t\t<a class=\"elementor-button elementor-button-link elementor-size-sm\" href=\"https:\/\/ehzerwold.nl\/de\/geschenkgutschein-ehzerwold\/\">\n\t\t\t\t\t\t<span class=\"elementor-button-content-wrapper\">\n\t\t\t\t\t\t\t\t\t<span class=\"elementor-button-text\">Geschenkgutschein<\/span>\n\t\t\t\t\t<\/span>\n\t\t\t\t\t<\/a>\n\t\t\t\t<\/div>\n\t\t\t\t\t\t\t\t<\/div>\n\t\t\t\t<\/div>\n\t\t\t\t\t<\/div>\n\t\t<\/div>\n\t\t\t\t\t<\/div>\n\t\t<\/section>\n\t\t\t\t<\/div>\n\t\t","protected":false},"excerpt":{"rendered":"<p>Ehzerwold Geschenkgutschein Suchen Sie ein originelles Geschenk? Mit dem Ehzerwold-Geschenkgutschein verschenken Sie ein unvergessliches Erlebnis. Der Geschenkgutschein kann f\u00fcr einen Aufenthalt oder ein Paket nach Wahl des Beschenkten eingel\u00f6st werden, [&hellip;]<\/p>\n","protected":false},"author":6,"featured_media":0,"parent":0,"menu_order":0,"comment_status":"closed","ping_status":"closed","template":"","meta":{"_acf_changed":false,"footnotes":""},"class_list":["post-6401","page","type-page","status-publish","hentry"],"acf":[],"yoast_head":"<!-- This site is optimized with the Yoast SEO plugin v27.5 - https:\/\/yoast.com\/product\/yoast-seo-wordpress\/ -->\n<title>Geschenkgutschein Ehzerwold - Landgoed Ehzerwold<\/title>\n<meta name=\"description\" content=\"Suchen Sie ein einzigartiges Geschenk? Verschenken Sie ein unvergessliches Erlebnis (Abendessen, Mittagessen, Nachmittagstee, \u00dcbernachtung) mit einem Ehzerwold-Geschenkgutschein.\" \/>\n<meta name=\"robots\" content=\"index, follow, max-snippet:-1, max-image-preview:large, max-video-preview:-1\" \/>\n<link rel=\"canonical\" href=\"https:\/\/ehzerwold.nl\/de\/geschenkgutschein-ehzerwold\/\" \/>\n<meta property=\"og:locale\" content=\"de_DE\" \/>\n<meta property=\"og:type\" content=\"article\" \/>\n<meta property=\"og:title\" content=\"Geschenkgutschein Ehzerwold - Landgoed Ehzerwold\" \/>\n<meta property=\"og:description\" content=\"Suchen Sie ein einzigartiges Geschenk? Verschenken Sie ein unvergessliches Erlebnis (Abendessen, Mittagessen, Nachmittagstee, \u00dcbernachtung) mit einem Ehzerwold-Geschenkgutschein.\" \/>\n<meta property=\"og:url\" content=\"https:\/\/ehzerwold.nl\/de\/geschenkgutschein-ehzerwold\/\" \/>\n<meta property=\"og:site_name\" content=\"Landgoed Ehzerwold\" \/>\n<meta property=\"article:publisher\" content=\"https:\/\/www.facebook.com\/hotellandgoedehzerwold\" \/>\n<meta property=\"article:modified_time\" content=\"2026-02-27T14:18:05+00:00\" \/>\n<meta property=\"og:image\" content=\"https:\/\/ehzerwold.nl\/wp-content\/uploads\/2025\/12\/Cadeaubon-Ehzerwold.png\" \/>\n\t<meta property=\"og:image:width\" content=\"527\" \/>\n\t<meta property=\"og:image:height\" content=\"258\" \/>\n\t<meta property=\"og:image:type\" content=\"image\/png\" \/>\n<meta name=\"twitter:card\" content=\"summary_large_image\" \/>\n<meta name=\"twitter:label1\" content=\"Gesch\u00e4tzte Lesezeit\" \/>\n\t<meta name=\"twitter:data1\" content=\"1\u00a0Minute\" \/>\n<script type=\"application\/ld+json\" class=\"yoast-schema-graph\">{\"@context\":\"https:\\\/\\\/schema.org\",\"@graph\":[{\"@type\":\"WebPage\",\"@id\":\"https:\\\/\\\/ehzerwold.nl\\\/de\\\/geschenkgutschein-ehzerwold\\\/\",\"url\":\"https:\\\/\\\/ehzerwold.nl\\\/de\\\/geschenkgutschein-ehzerwold\\\/\",\"name\":\"Geschenkgutschein Ehzerwold - Landgoed Ehzerwold\",\"isPartOf\":{\"@id\":\"https:\\\/\\\/ehzerwold.nl\\\/de\\\/#website\"},\"primaryImageOfPage\":{\"@id\":\"https:\\\/\\\/ehzerwold.nl\\\/de\\\/geschenkgutschein-ehzerwold\\\/#primaryimage\"},\"image\":{\"@id\":\"https:\\\/\\\/ehzerwold.nl\\\/de\\\/geschenkgutschein-ehzerwold\\\/#primaryimage\"},\"thumbnailUrl\":\"https:\\\/\\\/ehzerwold.nl\\\/wp-content\\\/uploads\\\/2025\\\/12\\\/Cadeaubon-Ehzerwold.png\",\"datePublished\":\"2025-12-10T17:30:01+00:00\",\"dateModified\":\"2026-02-27T14:18:05+00:00\",\"description\":\"Suchen Sie ein einzigartiges Geschenk? Verschenken Sie ein unvergessliches Erlebnis (Abendessen, Mittagessen, Nachmittagstee, \u00dcbernachtung) mit einem Ehzerwold-Geschenkgutschein.\",\"breadcrumb\":{\"@id\":\"https:\\\/\\\/ehzerwold.nl\\\/de\\\/geschenkgutschein-ehzerwold\\\/#breadcrumb\"},\"inLanguage\":\"de\",\"potentialAction\":[{\"@type\":\"ReadAction\",\"target\":[\"https:\\\/\\\/ehzerwold.nl\\\/de\\\/geschenkgutschein-ehzerwold\\\/\"]}]},{\"@type\":\"ImageObject\",\"inLanguage\":\"de\",\"@id\":\"https:\\\/\\\/ehzerwold.nl\\\/de\\\/geschenkgutschein-ehzerwold\\\/#primaryimage\",\"url\":\"https:\\\/\\\/ehzerwold.nl\\\/wp-content\\\/uploads\\\/2025\\\/12\\\/Cadeaubon-Ehzerwold.png\",\"contentUrl\":\"https:\\\/\\\/ehzerwold.nl\\\/wp-content\\\/uploads\\\/2025\\\/12\\\/Cadeaubon-Ehzerwold.png\"},{\"@type\":\"BreadcrumbList\",\"@id\":\"https:\\\/\\\/ehzerwold.nl\\\/de\\\/geschenkgutschein-ehzerwold\\\/#breadcrumb\",\"itemListElement\":[{\"@type\":\"ListItem\",\"position\":1,\"name\":\"Home\",\"item\":\"https:\\\/\\\/ehzerwold.nl\\\/de\\\/\"},{\"@type\":\"ListItem\",\"position\":2,\"name\":\"Geschenkgutschein Ehzerwold\"}]},{\"@type\":\"WebSite\",\"@id\":\"https:\\\/\\\/ehzerwold.nl\\\/de\\\/#website\",\"url\":\"https:\\\/\\\/ehzerwold.nl\\\/de\\\/\",\"name\":\"Landgoed Ehzerwold\",\"description\":\"Natuurlijk Goed!\",\"publisher\":{\"@id\":\"https:\\\/\\\/ehzerwold.nl\\\/de\\\/#organization\"},\"potentialAction\":[{\"@type\":\"SearchAction\",\"target\":{\"@type\":\"EntryPoint\",\"urlTemplate\":\"https:\\\/\\\/ehzerwold.nl\\\/de\\\/?s={search_term_string}\"},\"query-input\":{\"@type\":\"PropertyValueSpecification\",\"valueRequired\":true,\"valueName\":\"search_term_string\"}}],\"inLanguage\":\"de\"},{\"@type\":\"Organization\",\"@id\":\"https:\\\/\\\/ehzerwold.nl\\\/de\\\/#organization\",\"name\":\"Hotel Landgoed Ehzerwold\",\"alternateName\":\"Landgoed Ehzerwold\",\"url\":\"https:\\\/\\\/ehzerwold.nl\\\/de\\\/\",\"logo\":{\"@type\":\"ImageObject\",\"inLanguage\":\"de\",\"@id\":\"https:\\\/\\\/ehzerwold.nl\\\/de\\\/#\\\/schema\\\/logo\\\/image\\\/\",\"url\":\"https:\\\/\\\/ehzerwold.nl\\\/wp-content\\\/uploads\\\/2024\\\/11\\\/logo_LEW_online-e1764600520739.png\",\"contentUrl\":\"https:\\\/\\\/ehzerwold.nl\\\/wp-content\\\/uploads\\\/2024\\\/11\\\/logo_LEW_online-e1764600520739.png\",\"width\":1800,\"height\":1273,\"caption\":\"Hotel Landgoed Ehzerwold\"},\"image\":{\"@id\":\"https:\\\/\\\/ehzerwold.nl\\\/de\\\/#\\\/schema\\\/logo\\\/image\\\/\"},\"sameAs\":[\"https:\\\/\\\/www.facebook.com\\\/hotellandgoedehzerwold\",\"https:\\\/\\\/www.instagram.com\\\/explore\\\/locations\\\/245668617\\\/landgoed-ehzerwold\\\/\"]}]}<\/script>\n<!-- \/ Yoast SEO plugin. -->","yoast_head_json":{"title":"Geschenkgutschein Ehzerwold - Landgoed Ehzerwold","description":"Suchen Sie ein einzigartiges Geschenk? Verschenken Sie ein unvergessliches Erlebnis (Abendessen, Mittagessen, Nachmittagstee, \u00dcbernachtung) mit einem Ehzerwold-Geschenkgutschein.","robots":{"index":"index","follow":"follow","max-snippet":"max-snippet:-1","max-image-preview":"max-image-preview:large","max-video-preview":"max-video-preview:-1"},"canonical":"https:\/\/ehzerwold.nl\/de\/geschenkgutschein-ehzerwold\/","og_locale":"de_DE","og_type":"article","og_title":"Geschenkgutschein Ehzerwold - Landgoed Ehzerwold","og_description":"Suchen Sie ein einzigartiges Geschenk? Verschenken Sie ein unvergessliches Erlebnis (Abendessen, Mittagessen, Nachmittagstee, \u00dcbernachtung) mit einem Ehzerwold-Geschenkgutschein.","og_url":"https:\/\/ehzerwold.nl\/de\/geschenkgutschein-ehzerwold\/","og_site_name":"Landgoed Ehzerwold","article_publisher":"https:\/\/www.facebook.com\/hotellandgoedehzerwold","article_modified_time":"2026-02-27T14:18:05+00:00","og_image":[{"width":527,"height":258,"url":"https:\/\/ehzerwold.nl\/wp-content\/uploads\/2025\/12\/Cadeaubon-Ehzerwold.png","type":"image\/png"}],"twitter_card":"summary_large_image","twitter_misc":{"Gesch\u00e4tzte Lesezeit":"1\u00a0Minute"},"schema":{"@context":"https:\/\/schema.org","@graph":[{"@type":"WebPage","@id":"https:\/\/ehzerwold.nl\/de\/geschenkgutschein-ehzerwold\/","url":"https:\/\/ehzerwold.nl\/de\/geschenkgutschein-ehzerwold\/","name":"Geschenkgutschein Ehzerwold - Landgoed Ehzerwold","isPartOf":{"@id":"https:\/\/ehzerwold.nl\/de\/#website"},"primaryImageOfPage":{"@id":"https:\/\/ehzerwold.nl\/de\/geschenkgutschein-ehzerwold\/#primaryimage"},"image":{"@id":"https:\/\/ehzerwold.nl\/de\/geschenkgutschein-ehzerwold\/#primaryimage"},"thumbnailUrl":"https:\/\/ehzerwold.nl\/wp-content\/uploads\/2025\/12\/Cadeaubon-Ehzerwold.png","datePublished":"2025-12-10T17:30:01+00:00","dateModified":"2026-02-27T14:18:05+00:00","description":"Suchen Sie ein einzigartiges Geschenk? Verschenken Sie ein unvergessliches Erlebnis (Abendessen, Mittagessen, Nachmittagstee, \u00dcbernachtung) mit einem Ehzerwold-Geschenkgutschein.","breadcrumb":{"@id":"https:\/\/ehzerwold.nl\/de\/geschenkgutschein-ehzerwold\/#breadcrumb"},"inLanguage":"de","potentialAction":[{"@type":"ReadAction","target":["https:\/\/ehzerwold.nl\/de\/geschenkgutschein-ehzerwold\/"]}]},{"@type":"ImageObject","inLanguage":"de","@id":"https:\/\/ehzerwold.nl\/de\/geschenkgutschein-ehzerwold\/#primaryimage","url":"https:\/\/ehzerwold.nl\/wp-content\/uploads\/2025\/12\/Cadeaubon-Ehzerwold.png","contentUrl":"https:\/\/ehzerwold.nl\/wp-content\/uploads\/2025\/12\/Cadeaubon-Ehzerwold.png"},{"@type":"BreadcrumbList","@id":"https:\/\/ehzerwold.nl\/de\/geschenkgutschein-ehzerwold\/#breadcrumb","itemListElement":[{"@type":"ListItem","position":1,"name":"Home","item":"https:\/\/ehzerwold.nl\/de\/"},{"@type":"ListItem","position":2,"name":"Geschenkgutschein Ehzerwold"}]},{"@type":"WebSite","@id":"https:\/\/ehzerwold.nl\/de\/#website","url":"https:\/\/ehzerwold.nl\/de\/","name":"Landgoed Ehzerwold","description":"Natuurlijk Goed!","publisher":{"@id":"https:\/\/ehzerwold.nl\/de\/#organization"},"potentialAction":[{"@type":"SearchAction","target":{"@type":"EntryPoint","urlTemplate":"https:\/\/ehzerwold.nl\/de\/?s={search_term_string}"},"query-input":{"@type":"PropertyValueSpecification","valueRequired":true,"valueName":"search_term_string"}}],"inLanguage":"de"},{"@type":"Organization","@id":"https:\/\/ehzerwold.nl\/de\/#organization","name":"Hotel Landgoed Ehzerwold","alternateName":"Landgoed Ehzerwold","url":"https:\/\/ehzerwold.nl\/de\/","logo":{"@type":"ImageObject","inLanguage":"de","@id":"https:\/\/ehzerwold.nl\/de\/#\/schema\/logo\/image\/","url":"https:\/\/ehzerwold.nl\/wp-content\/uploads\/2024\/11\/logo_LEW_online-e1764600520739.png","contentUrl":"https:\/\/ehzerwold.nl\/wp-content\/uploads\/2024\/11\/logo_LEW_online-e1764600520739.png","width":1800,"height":1273,"caption":"Hotel Landgoed Ehzerwold"},"image":{"@id":"https:\/\/ehzerwold.nl\/de\/#\/schema\/logo\/image\/"},"sameAs":["https:\/\/www.facebook.com\/hotellandgoedehzerwold","https:\/\/www.instagram.com\/explore\/locations\/245668617\/landgoed-ehzerwold\/"]}]}},"_links":{"self":[{"href":"https:\/\/ehzerwold.nl\/de\/wp-json\/wp\/v2\/pages\/6401","targetHints":{"allow":["GET"]}}],"collection":[{"href":"https:\/\/ehzerwold.nl\/de\/wp-json\/wp\/v2\/pages"}],"about":[{"href":"https:\/\/ehzerwold.nl\/de\/wp-json\/wp\/v2\/types\/page"}],"author":[{"embeddable":true,"href":"https:\/\/ehzerwold.nl\/de\/wp-json\/wp\/v2\/users\/6"}],"replies":[{"embeddable":true,"href":"https:\/\/ehzerwold.nl\/de\/wp-json\/wp\/v2\/comments?post=6401"}],"version-history":[{"count":0,"href":"https:\/\/ehzerwold.nl\/de\/wp-json\/wp\/v2\/pages\/6401\/revisions"}],"wp:attachment":[{"href":"https:\/\/ehzerwold.nl\/de\/wp-json\/wp\/v2\/media?parent=6401"}],"curies":[{"name":"wp","href":"https:\/\/api.w.org\/{rel}","templated":true}]}}